{"id":2119,"date":"2021-05-06T20:49:31","date_gmt":"2021-05-06T18:49:31","guid":{"rendered":"https:\/\/ergathlete.web9.it\/prodotto\/foam-roller-top-quality-33x14cm\/"},"modified":"2021-05-07T13:34:04","modified_gmt":"2021-05-07T11:34:04","slug":"foam-roller-top-quality-33x14cm","status":"publish","type":"product","link":"https:\/\/www.ergathlete.com\/en\/prodotto\/foam-roller-top-quality-33x14cm\/","title":{"rendered":"Foam Roller Top Quality 33x14cm"},"content":{"rendered":"<p>Se vuoi rilassarti prima o dopo i tuoi allenamenti e spazzare via quei fastidiosi dolori muscolari, ti serve un foam roller.<\/p>\n<p>Quello che non ti serve, per\u00f2, \u00e8 spendere cifre esorbitanti.<\/p>\n<p>Il roller foam o foam roller OEM \u00e8 alla pari dei prodotti dei marchi pi\u00f9 blasonati ma costa molto meno.<\/p>\n<p><strong>E&#8217; a resistenza medio-alta per un massaggio deciso e profondo, ed \u00e8 lungo 33cm, quanto basta per massaggiare bene la tua schiena o entrambe le gambe insieme, grazie alla sua larghezza di 14 cm.<\/strong><\/p>\n<p>L&#8217;anima \u00e8 in resistentissimo ABS mentre la copertura massaggiante \u00e8 in EVA<\/p>\n<p>Non \u00e8 troppo piccolo e quindi non ti scappa via, non \u00e8 troppo grande da diventare fastidioso.<\/p>\n<p><strong>E&#8217; fisponibile nei colori: Blue, Arancio, Rosso e Viola.<\/strong><\/p>\n<p><img decoding=\"async\" src=\"https:\/\/sc02.alicdn.com\/kf\/Hbb1b84d18ca745889aa039a703d08b5bD\/200205227\/Hbb1b84d18ca745889aa039a703d08b5bD.jpg\" \/>\u200b\u200b\u200b\u200b\u200b\u200b\u200b<\/p>\n<p><img decoding=\"async\" src=\"https:\/\/sc04.alicdn.com\/kf\/H850b36247c374b3ca687d2353221aff3K\/200205227\/H850b36247c374b3ca687d2353221aff3K.jpg\" \/><\/p>\n<p><img decoding=\"async\" src=\"https:\/\/sc02.alicdn.com\/kf\/H3d833901b52c454c997b95e1d5aac54ey\/200205227\/H3d833901b52c454c997b95e1d5aac54ey.jpg\" \/><\/p>\n","protected":false},"excerpt":{"rendered":"<p>Se vuoi rilassarti prima o dopo i tuoi allenamenti e spazzare via quei fastidiosi dolori muscolari, ti serve un foam roller. Quello che non ti serve, per\u00f2, \u00e8 spendere cifre esorbitanti. Il roller foam o foam roller OEM \u00e8 alla pari dei prodotti dei marchi pi\u00f9 blasonati ma costa molto meno. E&#8217; a resistenza medio-alta [&hellip;]<\/p>\n","protected":false},"featured_media":2120,"comment_status":"closed","ping_status":"closed","template":"","meta":[],"class_list":["post-2119","product","type-product","status-publish","has-post-thumbnail","hentry","product_cat-accessori-crossfit","product_cat-accessori-row-ski-bike","product_tag-crosssfit","product_tag-erg","product_tag-foamroller","product_tag-massage","product_tag-roller","product_tag-rollerfoam","product_tag-yoga"],"_links":{"self":[{"href":"https:\/\/www.ergathlete.com\/en\/wp-json\/wp\/v2\/product\/2119","targetHints":{"allow":["GET"]}}],"collection":[{"href":"https:\/\/www.ergathlete.com\/en\/wp-json\/wp\/v2\/product"}],"about":[{"href":"https:\/\/www.ergathlete.com\/en\/wp-json\/wp\/v2\/types\/product"}],"replies":[{"embeddable":true,"href":"https:\/\/www.ergathlete.com\/en\/wp-json\/wp\/v2\/comments?post=2119"}],"wp:featuredmedia":[{"embeddable":true,"href":"https:\/\/www.ergathlete.com\/en\/wp-json\/wp\/v2\/media\/2120"}],"wp:attachment":[{"href":"https:\/\/www.ergathlete.com\/en\/wp-json\/wp\/v2\/media?parent=2119"}],"curies":[{"name":"wp","href":"https:\/\/api.w.org\/{rel}","templated":true}]}}