{"id":2056,"date":"2021-05-06T20:49:31","date_gmt":"2021-05-06T18:49:31","guid":{"rendered":"https:\/\/ergathlete.web9.it\/prodotto\/cuneo-wedge-v-fitness-power-lifting-sollevamento-pesi\/"},"modified":"2021-06-10T13:03:15","modified_gmt":"2021-06-10T11:03:15","slug":"cuneo-wedge-v-fitness-power-lifting-sollevamento-pesi","status":"publish","type":"product","link":"https:\/\/www.ergathlete.com\/en\/prodotto\/cuneo-wedge-v-fitness-power-lifting-sollevamento-pesi\/","title":{"rendered":"Cuneo Wedge V Fitness Power Lifting Sollevamento Pesi"},"content":{"rendered":"<ul>\n<li>IL PIU&#8217; LARGO CUNEO SUL MERCATO: Con una larghezza di quasi 9cm, questa\u00a0\u00e8 la pi\u00f9 larga leva di sollevamento sul mercato Una leva pi\u00f9 larga significa pi\u00f9 stabilit\u00e0 e pi\u00f9 confidenza con i carichi pesanti.<\/li>\n<\/ul>\n<ul>\n<li>DISPONIBILE IN 3 COLORI: rosso, nero, pink.<\/li>\n<\/ul>\n<ul>\n<li>PROTEGGI LA TUA SCHIENA: Questo prodotto rende pi\u00f9 facile caricare e scaricare i bumper dal tuo bilanciere. Richiede meno stress per la tua schiena. Ideale per i bumper.<\/li>\n<li>RISPARMIA TEMPO: Una colta caricato il bilanciere non si muove. Non dovrai perdere tempo a tenerlo d&#8217;occhio per essere sicuro che non vada addosso a qualcuno.<\/li>\n<li>MULTI-USO: Pu\u00f2 essere usata per sollevamenti diversi come stacchi, squat, clean, power clean e altri. Ogni leva ha un foro che le consente di essere appesa in palestra.<\/li>\n<\/ul>\n<p><img decoding=\"async\" src=\"https:\/\/cdn.shopify.com\/s\/files\/1\/0099\/5875\/2315\/files\/red_wedge_full_bar_1_480x480.jpg?v=1574614841\" \/><\/p>\n<div><\/div>\n","protected":false},"excerpt":{"rendered":"<p>Cuneo Wedge Vapor Fitness Power Lifting Sollevamento Pesi<\/p>\n","protected":false},"featured_media":2057,"comment_status":"closed","ping_status":"closed","template":"","meta":[],"class_list":["post-2056","product","type-product","status-publish","has-post-thumbnail","hentry","product_cat-accessori-crossfit","product_cat-cunei-powerlifting","product_tag-bodybuilding","product_tag-clean","product_tag-crossfit","product_tag-deadlift","product_tag-jerk","product_tag-leva","product_tag-powerclean","product_tag-powerlifting","product_tag-wedge"],"_links":{"self":[{"href":"https:\/\/www.ergathlete.com\/en\/wp-json\/wp\/v2\/product\/2056","targetHints":{"allow":["GET"]}}],"collection":[{"href":"https:\/\/www.ergathlete.com\/en\/wp-json\/wp\/v2\/product"}],"about":[{"href":"https:\/\/www.ergathlete.com\/en\/wp-json\/wp\/v2\/types\/product"}],"replies":[{"embeddable":true,"href":"https:\/\/www.ergathlete.com\/en\/wp-json\/wp\/v2\/comments?post=2056"}],"wp:featuredmedia":[{"embeddable":true,"href":"https:\/\/www.ergathlete.com\/en\/wp-json\/wp\/v2\/media\/2057"}],"wp:attachment":[{"href":"https:\/\/www.ergathlete.com\/en\/wp-json\/wp\/v2\/media?parent=2056"}],"curies":[{"name":"wp","href":"https:\/\/api.w.org\/{rel}","templated":true}]}}