{"id":1994,"date":"2021-05-06T20:49:31","date_gmt":"2021-05-06T18:49:31","guid":{"rendered":"https:\/\/ergathlete.web9.it\/prodotto\/cuscino-coprisedile-vapor-fitness-per-concept2-mod-c-mod-d-mod-e-dynamic\/"},"modified":"2025-12-08T10:22:48","modified_gmt":"2025-12-08T09:22:48","slug":"cuscino-coprisedile-vapor-fitness-per-concept2-mod-c-mod-d-mod-e-dynamic","status":"publish","type":"product","link":"https:\/\/www.ergathlete.com\/en\/prodotto\/cuscino-coprisedile-vapor-fitness-per-concept2-mod-c-mod-d-mod-e-dynamic\/","title":{"rendered":"Cuscino coprisedile Vapor Fitness per Concept2 Mod C, Mod D, Mod E, Dynamic"},"content":{"rendered":"<ul data-mce-fragment=\"1\">\n<li data-mce-fragment=\"1\">CONFORT PER LE LUNGHE DISTANZE: La cover in silicone di dar\u00e0 un extra comfort sulle remate a lunga distanza. Sentirai una grande differenza sin dai tuoi primi 10k, rispetto ad una remata sulla seduta originale. Se stai cercando un cuscino spesso per rendere le tue remate corte pi\u00f9 piacevoli questo non \u00e8 il prodotto che fa per te.<\/li>\n<\/ul>\n<ul data-mce-fragment=\"1\">\n<li data-mce-fragment=\"1\">STILOSO. RIDA&#8217; VITA AL TUO ROWER: Non solo questo cuscino copri sedile migliora il comfort nelle lunghe remate, ma dona anche luminosit\u00e0 al tuo rower. Il coprisedile \u00e8 disponibile in cinque colori: giallo, pink, nero, rosso, khaki.<\/li>\n<\/ul>\n<ul data-mce-fragment=\"1\">\n<li data-mce-fragment=\"1\">100% SILICONE: Il cuscino copri sedile \u00e8 fatto al 100% di silicone. Questo significa che \u00e8 malleabile ma non fragile, morbido ma non troppo cedevole. Il silicone d\u00e0 al sedile pi\u00f9 grip, il che \u00e8 molto di aiuto sia durante le lunghe remate sia durante gli spring. E&#8217; anche molto facile da lavare con acqua e sapone.<\/li>\n<\/ul>\n<ul data-mce-fragment=\"1\">\n<li data-mce-fragment=\"1\">MODELLATO PER CALZARE PERFETTAMENTE AL SEDILE DEL\u00a0ROWER CONCEPT2: Nel crare questo prodotto, abbiamo effettuato una scansione 3D del sedile del rower Concept2. Questo ci ha consentito di creare un prodotto che ha la forma esatta del sedile. Si calza in un attimo e una volta al suo posto non si muove pi\u00f9 durante la remata.<\/li>\n<\/ul>\n<p data-mce-fragment=\"1\"><b data-mce-fragment=\"1\"><img decoding=\"async\" src=\"https:\/\/m.media-amazon.com\/images\/S\/aplus-media\/sc\/b8dfcaa3-49e3-4c18-9de2-389792775515.__CR0,0,600,180_PT0_SX600_V1___.jpg\" alt=\"Vapor Fitness Logo\" data-mce-fragment=\"1\" \/><\/b><\/p>\n<p data-mce-fragment=\"1\"><b data-mce-fragment=\"1\">CUSCINO COPRISEDILE VAPOR FITNESS<\/b><\/p>\n<p data-mce-fragment=\"1\">Il cuscino coprisedile Vapor Fitness \u00e8 creato per essere compatibile con i sedili dei rower Concept2. Questo sedile migliorer\u00e0 il tuo livello di comfort senza per\u00f2 essere troppo morbido.<\/p>\n<p data-mce-fragment=\"1\"><b data-mce-fragment=\"1\">PERCHE&#8217; ABBIAMO CREATO QUESTO PRODOTTO\u00a0<\/b><\/p>\n<p data-mce-fragment=\"1\">Noi amiamo i rower Concept2. Ci siamo per\u00f2 accorti che con il tempo il sedile si indurisce. Questo rende un po&#8217; meno confortevole la remata. Con il cuscino copri sedile in siliconeVapor Fitness,\u00e8 come remare su un sedile nuovo originale ogni volta.\u00a0Il silicone aggiunge solo il giusto livello di comfort e grip. \u00a0Non \u00e8 costruito per dare la sensazione un un cuscino spesso e morbido in memory foam, n\u00e9 percepirai una grossa differenza immediata la prima volta che ti siedi. Sentirai meno scomodit\u00e0 durante le remate pi\u00f9 lunghe e pi\u00f9 grip durante gli sprint.<\/p>\n<p data-mce-fragment=\"1\"><b data-mce-fragment=\"1\">SPECIFICHE<\/b><\/p>\n<p data-mce-fragment=\"1\">Materiale\u00a0Silicone<\/p>\n<p data-mce-fragment=\"1\">Dimensioni: 33cm\u00a0x 26,6cm\u00a0x 6,3cm<\/p>\n<p data-mce-fragment=\"1\">Peso:900 grammi<\/p>\n<p data-mce-fragment=\"1\">Colori disponibili: giallo,\u00a0pink, nero, rosso, khaki<\/p>\n","protected":false},"excerpt":{"rendered":"<p>Cuscino coprisedile Vapor Fitness per Concept2 Mod C, Mod D, Mod E, Dynamic<\/p>\n","protected":false},"featured_media":1995,"comment_status":"closed","ping_status":"closed","template":"","meta":[],"class_list":["post-1994","product","type-product","status-publish","has-post-thumbnail","hentry","product_cat-accessori-row-ski-bike","product_cat-cuscini-coprisedile","product_tag-concept2","product_tag-cushion","product_tag-indoor","product_tag-indoorrowing","product_tag-rower","product_tag-rowing","product_tag-seatcover","product_tag-vaporfitness"],"_links":{"self":[{"href":"https:\/\/www.ergathlete.com\/en\/wp-json\/wp\/v2\/product\/1994","targetHints":{"allow":["GET"]}}],"collection":[{"href":"https:\/\/www.ergathlete.com\/en\/wp-json\/wp\/v2\/product"}],"about":[{"href":"https:\/\/www.ergathlete.com\/en\/wp-json\/wp\/v2\/types\/product"}],"replies":[{"embeddable":true,"href":"https:\/\/www.ergathlete.com\/en\/wp-json\/wp\/v2\/comments?post=1994"}],"wp:featuredmedia":[{"embeddable":true,"href":"https:\/\/www.ergathlete.com\/en\/wp-json\/wp\/v2\/media\/1995"}],"wp:attachment":[{"href":"https:\/\/www.ergathlete.com\/en\/wp-json\/wp\/v2\/media?parent=1994"}],"curies":[{"name":"wp","href":"https:\/\/api.w.org\/{rel}","templated":true}]}}